{"id":1906,"date":"2025-10-09T15:40:15","date_gmt":"2025-10-09T15:40:15","guid":{"rendered":"https:\/\/vetmedlabor.hu\/?page_id=1906"},"modified":"2026-03-09T14:03:38","modified_gmt":"2026-03-09T14:03:38","slug":"allatorvosi-kurzusok-es-treningek","status":"publish","type":"page","link":"https:\/\/vetmedlabor.hu\/sk\/allatorvosi-kurzusok-es-treningek\/","title":{"rendered":"\u00c1llatorvosi\u00a0kurzusok \u00e9s tr\u00e9ningek"},"content":{"rendered":"<h3 class=\"wp-block-heading has-text-align-left\">Soha ne hagyja abba a tanul\u00e1st<\/h3>\n\n\n<div class=\"gb-container gb-container-ce23e79e\">\n<div class=\"gb-grid-wrapper gb-grid-wrapper-c6cd49e6\">\n<div class=\"gb-grid-column gb-grid-column-23f7cdd9\"><div class=\"gb-container gb-container-23f7cdd9\">\n\n<figure class=\"wp-block-image size-large is-resized\"><img loading=\"lazy\" decoding=\"async\" width=\"1024\" height=\"1024\" src=\"https:\/\/vetmedlabor.hu\/wp-content\/uploads\/2026\/03\/1-10-1024x1024.png\" alt=\"\" class=\"wp-image-1982\" style=\"width:613px;height:auto\" srcset=\"https:\/\/vetmedlabor.hu\/wp-content\/uploads\/2026\/03\/1-10-1024x1024.png 1024w, https:\/\/vetmedlabor.hu\/wp-content\/uploads\/2026\/03\/1-10-300x300.png 300w, https:\/\/vetmedlabor.hu\/wp-content\/uploads\/2026\/03\/1-10-150x150.png 150w, https:\/\/vetmedlabor.hu\/wp-content\/uploads\/2026\/03\/1-10-768x768.png 768w, https:\/\/vetmedlabor.hu\/wp-content\/uploads\/2026\/03\/1-10-12x12.png 12w, https:\/\/vetmedlabor.hu\/wp-content\/uploads\/2026\/03\/1-10.png 1080w\" sizes=\"(max-width: 1024px) 100vw, 1024px\" \/><\/figure>\n\n<\/div><\/div>\n\n<div class=\"gb-grid-column gb-grid-column-2352e5ba\"><div class=\"gb-container gb-container-2352e5ba\">\n\n<p><strong>El\u0151ad\u00f3<\/strong>:<\/p>\n\n\n\n<ul>\n<li><strong>\u00a0Dr. Ps\u00e1der Roland<\/strong><\/li>\n<\/ul>\n\n\n\n<p><strong>Fizet\u0151s WEBIN\u00c1R<\/strong><\/p>\n\n\n\n<p><strong>Kuty\u00e1k \u00e9s macsk\u00e1k l\u00e9g\u00fati betegs\u00e9geinek klinikuma<\/strong><\/p>\n\n\n\n<p><strong>Id\u0151pont: <\/strong>2026.03.05-2026.03.26.<\/p>\n\n\n\n<p><strong>El\u0151ad\u00f3: Dr. Ps\u00e1der Roland<\/strong><\/p>\n\n\n\n<p><strong>R\u00e9szv\u00e9teli d\u00edj<\/strong>:&nbsp;<strong>80 000 Ft<\/strong><\/p>\n\n\n\n<p>R\u00e9szv\u00e9teli d\u00edj vizsg\u00e1val: 85 000 Ft<\/p>\n\n\n\n<p><strong>K\u00e9pz\u00e9s nyelve<\/strong>: magyar<\/p>\n\n\n\n<p><strong>Az el\u0151ad\u00e1s id\u0151tartama<\/strong>:&nbsp;<strong>4&#215;120 perc<\/strong><\/p>\n\n\n\n<a class=\"gb-button gb-button-2f829ece gb-button-text rounded-icon\" href=\"https:\/\/vetedu.eu\/termekek\/aktualis-kepzeseink\/kutyak-es-macskak-leguti-betegsegeinek-klinikuma\/\" target=\"_blank\" rel=\"noopener noreferrer\">jELENTKEZEM-&gt;<\/a>\n\n<\/div><\/div>\n<\/div>\n<\/div>\n\n<div class=\"gb-container gb-container-66e099ac\">\n<div class=\"gb-container gb-container-3a22cfaf\">\n\n<div class=\"gb-grid-wrapper gb-grid-wrapper-d6c53e16 gb-query-loop-wrapper\">\n<div class=\"gb-grid-column gb-grid-column-dd2072cf gb-query-loop-item post-1239 post type-post status-publish format-standard hentry category-hirek generate-columns tablet-grid-50 mobile-grid-100 grid-parent grid-25\"><div class=\"gb-container gb-container-dd2072cf\">\n<div class=\"gb-container gb-container-03890311\">\n<div class=\"gb-container gb-container-24a6c8c3\">\n<div class=\"gb-container gb-container-14676542\">\n<div class=\"gb-container gb-container-41ff2e56\">\n<div class=\"gb-container gb-container-8b1290a9\">\n<div class=\"gb-grid-wrapper gb-grid-wrapper-7097f3e2\">\n<div class=\"gb-grid-column gb-grid-column-3ea0c8b6\"><div class=\"gb-container gb-container-3ea0c8b6\">\n\n<figure class=\"wp-block-image size-large is-resized\"><img loading=\"lazy\" decoding=\"async\" width=\"1024\" height=\"1024\" src=\"https:\/\/vetmedlabor.hu\/wp-content\/uploads\/2025\/12\/2026-oktatasok-4-1024x1024.png\" alt=\"\" class=\"wp-image-1969\" style=\"width:613px;height:auto\" srcset=\"https:\/\/vetmedlabor.hu\/wp-content\/uploads\/2025\/12\/2026-oktatasok-4-1024x1024.png 1024w, https:\/\/vetmedlabor.hu\/wp-content\/uploads\/2025\/12\/2026-oktatasok-4-300x300.png 300w, https:\/\/vetmedlabor.hu\/wp-content\/uploads\/2025\/12\/2026-oktatasok-4-150x150.png 150w, https:\/\/vetmedlabor.hu\/wp-content\/uploads\/2025\/12\/2026-oktatasok-4-768x768.png 768w, https:\/\/vetmedlabor.hu\/wp-content\/uploads\/2025\/12\/2026-oktatasok-4-12x12.png 12w, https:\/\/vetmedlabor.hu\/wp-content\/uploads\/2025\/12\/2026-oktatasok-4.png 1080w\" sizes=\"(max-width: 1024px) 100vw, 1024px\" \/><\/figure>\n\n<\/div><\/div>\n\n<div class=\"gb-grid-column gb-grid-column-279d5d63\"><div class=\"gb-container gb-container-279d5d63\">\n\n<p><strong>INGYENES WEBIN\u00c1R<\/strong><\/p>\n\n\n\n<p><strong>Eszk\u00f6zv\u00e1laszt\u00e1s a praxisban gyakorlati \u00e9s p\u00e9nz\u00fcgyi szempontok alapj\u00e1n<\/strong><\/p>\n\n\n\n<p><strong>El\u0151ad\u00f3<\/strong>k:<\/p>\n\n\n\n<ul>\n<li>Dr. Cs\u00e9bi P\u00e9ter,<\/li>\n\n\n\n<li>Dr. Heged\u0171s Gy\u00f6rgy-Tam\u00e1s<\/li>\n\n\n\n<li>Dr. Manczur Ferenc<\/li>\n<\/ul>\n\n\n\n<p><strong>Az el\u0151ad\u00e1s ingyenes, de regisztr\u00e1ci\u00f3hoz k\u00f6t\u00f6tt!<\/strong><\/p>\n\n\n\n<a class=\"gb-button gb-button-3a7e5fe5 gb-button-text rounded-icon\" href=\"https:\/\/vetedu.eu\/termekek\/aktualis-kepzeseink\/eszkozvalasztas-a-praxisban-gyakorlati-es-penzugyi-szempontok-alapjan\/\" target=\"_blank\" rel=\"noopener noreferrer\">jELENTKEZEM-&gt;<\/a>\n\n<\/div><\/div>\n<\/div>\n<\/div>\n<\/div>\n\n<div class=\"gb-container gb-container-49544583\">\n<div class=\"gb-container gb-container-a27540e2\">\n<div class=\"gb-grid-wrapper gb-grid-wrapper-6301a7e0\">\n<div class=\"gb-grid-column gb-grid-column-8dd38738\"><div class=\"gb-container gb-container-8dd38738\">\n\n<p><strong>Kutya\u2013macska gastrointestinalis probl\u00e9m\u00e1i I.<\/strong><\/p>\n\n\n\n<p><strong>El\u0151ad\u00f3k:&nbsp;<\/strong><\/p>\n\n\n\n<p><strong>Dr. P\u00e1pa Kinga<\/strong><\/p>\n\n\n\n<p><strong>Dr. Karancsi Zita<\/strong><\/p>\n\n\n\n<p><strong>Dr. Halmay D\u00f3ra<\/strong><\/p>\n\n\n\n<p><strong>R\u00e9szv\u00e9teli d\u00edj: 80 000 Ft<\/strong><\/p>\n\n\n\n<p>R\u00e9szv\u00e9teli d\u00edj vizsg\u00e1val: 85 000 Ft<\/p>\n\n\n\n<p><strong>K\u00e9pz\u00e9s nyelve<\/strong>: magyar<\/p>\n\n\n\n<p><strong>Az el\u0151ad\u00e1s id\u0151tartama<\/strong>: 8 x 60 perc<\/p>\n\n\n\n<p><br>A k\u00e9pz\u00e9s regisztr\u00e1ci\u00f3s sz\u00e1ma: <\/p>\n\n\n\n<p><strong>14\/TK-WEB\/2026\/M\u00c1OK<\/strong><\/p>\n\n\n\n<p>J\u00f3v\u00e1\u00edrhat\u00f3 kamarai pontsz\u00e1m:&nbsp;<strong>56 pont<\/strong><\/p>\n\n\n\n<p>Sikeres vizsga ut\u00e1n j\u00e1r\u00f3 kamarai pontok:\u00a0<strong>14 pont\u00a0<\/strong><\/p>\n\n\n\n<a class=\"gb-button gb-button-a1ff4316 gb-button-text rounded-icon\" href=\"https:\/\/vetedu.eu\/termekek\/aktualis-kepzeseink\/kutya-macska-2026-gi-problemai-i\/\" target=\"_blank\" rel=\"noopener\">Jelentkezem-&gt;<\/a>\n\n<\/div><\/div>\n\n<div class=\"gb-grid-column gb-grid-column-b364e477\"><div class=\"gb-container gb-container-b364e477\">\n<div class=\"wp-block-image\">\n<figure class=\"alignright size-large is-resized\"><img loading=\"lazy\" decoding=\"async\" width=\"1024\" height=\"1024\" src=\"https:\/\/vetmedlabor.hu\/wp-content\/uploads\/2026\/03\/1-11-1024x1024.png\" alt=\"\" class=\"wp-image-1985\" style=\"width:642px;height:auto\" srcset=\"https:\/\/vetmedlabor.hu\/wp-content\/uploads\/2026\/03\/1-11-1024x1024.png 1024w, https:\/\/vetmedlabor.hu\/wp-content\/uploads\/2026\/03\/1-11-300x300.png 300w, https:\/\/vetmedlabor.hu\/wp-content\/uploads\/2026\/03\/1-11-150x150.png 150w, https:\/\/vetmedlabor.hu\/wp-content\/uploads\/2026\/03\/1-11-768x768.png 768w, https:\/\/vetmedlabor.hu\/wp-content\/uploads\/2026\/03\/1-11-12x12.png 12w, https:\/\/vetmedlabor.hu\/wp-content\/uploads\/2026\/03\/1-11.png 1080w\" sizes=\"(max-width: 1024px) 100vw, 1024px\" \/><\/figure><\/div>\n<\/div><\/div>\n<\/div>\n<\/div>\n<\/div>\n<\/div>\n<\/div>\n<\/div>\n<\/div><\/div>\n<\/div>\n\n\n<div class=\"gb-container gb-container-ea4a3e69\">\n<div class=\"gb-grid-wrapper gb-grid-wrapper-9eb9b950\">\n<div class=\"gb-grid-column gb-grid-column-ffa5652f\"><div class=\"gb-container gb-container-ffa5652f\">\n\n<p><strong>Szem\u00e9szeti ell\u00e1t\u00e1s alapjai<\/strong><\/p>\n\n\n\n<p><strong>El\u0151ad\u00f3:<\/strong><\/p>\n\n\n\n<ul>\n<li>Dr. E\u00f6rd\u00f6gh R\u00e9ka<\/li>\n<\/ul>\n\n\n\n<p><strong>El\u0151ad\u00f3: Dr. E\u00f6rd\u00f6gh R\u00e9ka<\/strong><\/p>\n\n\n\n<p><strong>R\u00e9szv\u00e9teli d\u00edj<\/strong>: 70 000 Ft<\/p>\n\n\n\n<p><strong>K\u00e9pz\u00e9s nyelve<\/strong>: magyar<\/p>\n\n\n\n<p><strong>Az el\u0151ad\u00e1s id\u0151tartama<\/strong>: 7 x 60 perc<\/p>\n\n\n\n<a class=\"gb-button gb-button-e9e5e837 gb-button-text rounded-icon\" href=\"https:\/\/vetedu.eu\/termekek\/aktualis-kepzeseink\/szemeszeti-ellatas-alapjai\/\" target=\"_blank\" rel=\"noopener\">Jelentkezem-&gt;<\/a>\n\n<\/div><\/div>\n\n<div class=\"gb-grid-column gb-grid-column-9c340c28\"><div class=\"gb-container gb-container-9c340c28\">\n<div class=\"wp-block-image\">\n<figure class=\"alignright size-full is-resized\"><img loading=\"lazy\" decoding=\"async\" width=\"1080\" height=\"1080\" src=\"https:\/\/vetmedlabor.hu\/wp-content\/uploads\/2025\/12\/2026-oktatasok-3.png\" alt=\"\" class=\"wp-image-1968\" style=\"width:642px;height:auto\" srcset=\"https:\/\/vetmedlabor.hu\/wp-content\/uploads\/2025\/12\/2026-oktatasok-3.png 1080w, https:\/\/vetmedlabor.hu\/wp-content\/uploads\/2025\/12\/2026-oktatasok-3-300x300.png 300w, https:\/\/vetmedlabor.hu\/wp-content\/uploads\/2025\/12\/2026-oktatasok-3-1024x1024.png 1024w, https:\/\/vetmedlabor.hu\/wp-content\/uploads\/2025\/12\/2026-oktatasok-3-150x150.png 150w, https:\/\/vetmedlabor.hu\/wp-content\/uploads\/2025\/12\/2026-oktatasok-3-768x768.png 768w, https:\/\/vetmedlabor.hu\/wp-content\/uploads\/2025\/12\/2026-oktatasok-3-12x12.png 12w\" sizes=\"(max-width: 1080px) 100vw, 1080px\" \/><\/figure><\/div>\n<\/div><\/div>\n<\/div>\n<\/div>\n<\/div>\n<\/div>\n\n<div class=\"gb-container gb-container-36f1134f\">\n<div class=\"gb-container gb-container-7146401b\">\n<div class=\"gb-container gb-container-2e9413f8\"><\/div>\n<\/div>\n<\/div>\n\n\n<p><\/p>","protected":false},"excerpt":{"rendered":"<p>Soha ne hagyja abba a tanul\u00e1st<\/p>","protected":false},"author":1,"featured_media":0,"parent":0,"menu_order":0,"comment_status":"closed","ping_status":"closed","template":"","meta":{"footnotes":""},"_links":{"self":[{"href":"https:\/\/vetmedlabor.hu\/sk\/wp-json\/wp\/v2\/pages\/1906"}],"collection":[{"href":"https:\/\/vetmedlabor.hu\/sk\/wp-json\/wp\/v2\/pages"}],"about":[{"href":"https:\/\/vetmedlabor.hu\/sk\/wp-json\/wp\/v2\/types\/page"}],"author":[{"embeddable":true,"href":"https:\/\/vetmedlabor.hu\/sk\/wp-json\/wp\/v2\/users\/1"}],"replies":[{"embeddable":true,"href":"https:\/\/vetmedlabor.hu\/sk\/wp-json\/wp\/v2\/comments?post=1906"}],"version-history":[{"count":11,"href":"https:\/\/vetmedlabor.hu\/sk\/wp-json\/wp\/v2\/pages\/1906\/revisions"}],"predecessor-version":[{"id":1988,"href":"https:\/\/vetmedlabor.hu\/sk\/wp-json\/wp\/v2\/pages\/1906\/revisions\/1988"}],"wp:attachment":[{"href":"https:\/\/vetmedlabor.hu\/sk\/wp-json\/wp\/v2\/media?parent=1906"}],"curies":[{"name":"wp","href":"https:\/\/api.w.org\/{rel}","templated":true}]}}