{"id":1299,"date":"2023-08-21T16:49:05","date_gmt":"2023-08-21T16:49:05","guid":{"rendered":"https:\/\/vetmedlabor.hu\/?page_id=1299"},"modified":"2025-02-19T13:16:06","modified_gmt":"2025-02-19T13:16:06","slug":"egyeb-letoltesek","status":"publish","type":"page","link":"https:\/\/vetmedlabor.hu\/sk\/egyeb-letoltesek\/","title":{"rendered":"Egy\u00e9b let\u00f6lt\u00e9sek"},"content":{"rendered":"<ul>\n<li><a href=\"https:\/\/vetmedlabor.hu\/wp-content\/uploads\/2023\/08\/kerolap2020.pdf\" data-type=\"attachment\" data-id=\"1301\">Offline k\u00e9r\u0151lap<\/a><\/li>\n\n\n\n<li><a href=\"https:\/\/vetmedlabor.hu\/wp-content\/uploads\/2025\/02\/Futar_terkep_Vet-Med-Labor.pdf\">Fut\u00e1r t\u00e9rk\u00e9p<\/a><\/li>\n\n\n\n<li><a href=\"https:\/\/vetmedlabor.hu\/wp-content\/uploads\/2023\/08\/GDPR_Adatkezelesi_tajekoztato-pdf-image.jpg\" data-type=\"attachment\" data-id=\"1265\">Adatkezel\u00e9si t\u00e1j\u00e9koztat\u00f3<\/a><\/li>\n\n\n\n<li><a href=\"https:\/\/vetmedlabor.hu\/wp-content\/uploads\/2024\/03\/aszf_Vet_Med_Labor_2024.pdf\">\u00c1SZF<\/a><\/li>\n<\/ul>","protected":false},"excerpt":{"rendered":"","protected":false},"author":1,"featured_media":0,"parent":0,"menu_order":0,"comment_status":"closed","ping_status":"closed","template":"","meta":{"footnotes":""},"_links":{"self":[{"href":"https:\/\/vetmedlabor.hu\/sk\/wp-json\/wp\/v2\/pages\/1299"}],"collection":[{"href":"https:\/\/vetmedlabor.hu\/sk\/wp-json\/wp\/v2\/pages"}],"about":[{"href":"https:\/\/vetmedlabor.hu\/sk\/wp-json\/wp\/v2\/types\/page"}],"author":[{"embeddable":true,"href":"https:\/\/vetmedlabor.hu\/sk\/wp-json\/wp\/v2\/users\/1"}],"replies":[{"embeddable":true,"href":"https:\/\/vetmedlabor.hu\/sk\/wp-json\/wp\/v2\/comments?post=1299"}],"version-history":[{"count":5,"href":"https:\/\/vetmedlabor.hu\/sk\/wp-json\/wp\/v2\/pages\/1299\/revisions"}],"predecessor-version":[{"id":1678,"href":"https:\/\/vetmedlabor.hu\/sk\/wp-json\/wp\/v2\/pages\/1299\/revisions\/1678"}],"wp:attachment":[{"href":"https:\/\/vetmedlabor.hu\/sk\/wp-json\/wp\/v2\/media?parent=1299"}],"curies":[{"name":"wp","href":"https:\/\/api.w.org\/{rel}","templated":true}]}}