{"id":1252,"date":"2023-08-21T15:47:27","date_gmt":"2023-08-21T15:47:27","guid":{"rendered":"https:\/\/vetmedlabor.hu\/?page_id=1252"},"modified":"2024-07-29T11:20:12","modified_gmt":"2024-07-29T11:20:12","slug":"haszonallat-szerologia","status":"publish","type":"page","link":"https:\/\/vetmedlabor.hu\/sk\/haszonallat-szerologia\/","title":{"rendered":"Haszon\u00e1llat szerol\u00f3gia"},"content":{"rendered":"<div class=\"gb-container gb-container-bef83f15\">\n<div class=\"gb-container gb-container-c6e05d86\">\n\n<p>A Vet-Med-Labor Zrt. Haszon\u00e1llat Szerol\u00f3giai Laborat\u00f3rium a Nemzeti Akkredit\u00e1l\u00f3 Hat\u00f3s\u00e1g (NAH) \u00e1ltal&nbsp;<strong>NAH-1-1897\/2022<\/strong>&nbsp;sz\u00e1mon akkredit\u00e1lt vizsg\u00e1l\u00f3laborat\u00f3rium.<\/p>\n\n\n\n<p>Az itt felsorolt vizsg\u00e1latok a 148\/2007 (XII. 8.) FVM rendelet szerinti t\u00e1mogat\u00e1ssal is ig\u00e9nybe vehet\u0151k (a t\u00e1mogat\u00e1si keret mindenkori \u00e1llapota f\u00fcggv\u00e9ny\u00e9ben).<\/p>\n\n\n\n<h3 class=\"gb-headline gb-headline-061422d8 gb-headline-text\"><strong>K\u00e9r\u0151dz\u0151 szerol\u00f3gia<\/strong><\/h3>\n\n\n\n<ul>\n<li>Brucellosis (B.abortus \/B. melitensis) ellenanyag<\/li>\n\n\n\n<li>Enzooti\u00e1s leuk\u00f3zis v\u00edrus (BLV) ellenanyag<\/li>\n\n\n\n<li>Paratuberculosis (MAP) ellenanyag<\/li>\n\n\n\n<li>IBR gB ellenanyag<\/li>\n\n\n\n<li>IBR gE ellenanyag<\/li>\n\n\n\n<li>BVDV antig\u00e9n<\/li>\n\n\n\n<li>BVDV ellenanyag<\/li>\n<\/ul>\n\n\n\n<h3 class=\"gb-headline gb-headline-9dfa2757 gb-headline-text\"><strong>Sert\u00e9s szerol\u00f3gia<\/strong><\/h3>\n\n\n\n<ul>\n<li>Brucellosis ellenanyag<\/li>\n\n\n\n<li>PRRS ellenanyag<\/li>\n\n\n\n<li>Aujeszky-f\u00e9le betegs\u00e9g ellenanyag<\/li>\n<\/ul>\n\n\n\n<p>A vizsg\u00e1lati d\u00edjak \u00e9s a tov\u00e1bbi szolg\u00e1ltat\u00e1saink list\u00e1ja el\u00e9rhet\u0151 az\u00a0<strong>\u00c1rlist\u00e1ban<\/strong>\u00a0(ld. let\u00f6lthet\u0151 dokumentumok). B\u0151vebb inform\u00e1ci\u00f3\u00e9rt forduljanak hozz\u00e1nk bizalommal!<\/p>\n\n\n\n<p>A legkisebb rendel\u00e9si egys\u00e9g 50 minta\/tulajdonos!<\/p>\n\n\n\n<h3 class=\"gb-headline gb-headline-086d3977 gb-headline-text\"><strong>El\u00e9rhet\u0151s\u00e9geink<\/strong><\/h3>\n\n\n\n<p class=\"gb-headline gb-headline-00fe3242 gb-headline-text\">dr. S\u00e1f\u00e1r J\u00e1nos<br>06 70 422 0955 \/ 06 1 422 0944<br><a href=\"mailto:safar.janos@vetmedlabor.hu\">safar.janos@vetmedlabor.hu<\/a>&nbsp;\/&nbsp;<a href=\"mailto:szerologia@vetmedlabor.hu\">szerologia@vetmedlabor.hu<\/a><\/p>\n\n\n\n<h3 class=\"gb-headline gb-headline-a74ee01e gb-headline-text\"><strong>Let\u00f6lthet\u0151 dokumentumok<\/strong><\/h3>\n\n\n\n<ul>\n<li><a href=\"https:\/\/vetmedlabor.hu\/wp-content\/uploads\/2023\/08\/Mell_7_1_1_Szerologiai_megrendelolap_es_mintasorszam_nyilvantartas.pdf\" data-type=\"attachment\" data-id=\"1254\"><strong>Szerol\u00f3giai megrendel\u0151lap \u00e9s mintasorsz\u00e1m nyilv\u00e1ntart\u00e1s<\/strong><\/a><\/li>\n\n\n\n<li><a href=\"https:\/\/vetmedlabor.hu\/wp-content\/uploads\/2023\/08\/A4_haszonallat_hirdetes.pdf\" data-type=\"attachment\" data-id=\"1256\">Kedvezm\u00e9nyes vizsg\u00e1latok<\/a><\/li>\n\n\n\n<li><a rel=\"noreferrer noopener\" href=\"https:\/\/www.nah.gov.hu\/hu\/szervezet\/vet-med-labor-zrt-haszonallat-szerologiai-laborato\/\" target=\"_blank\">Nemzeti Akkredit\u00e1l\u00f3 Hat\u00f3s\u00e1g \u2013 R\u00e9szletez\u0151 Okirat<\/a><\/li>\n\n\n\n<li><a href=\"https:\/\/vetmedlabor.hu\/wp-content\/uploads\/2023\/08\/GDPR_Adatkezelesi_tajekoztato.pdf\" data-type=\"attachment\" data-id=\"1253\">Adatkezel\u00e9si t\u00e1j\u00e9koztat\u00f3<\/a><\/li>\n<\/ul>\n\n<\/div>\n<\/div>","protected":false},"excerpt":{"rendered":"<p>A Vet-Med-Labor Zrt. Haszon\u00e1llat Szerol\u00f3giai Laborat\u00f3rium a Nemzeti Akkredit\u00e1l\u00f3 Hat\u00f3s\u00e1g (NAH) \u00e1ltal&nbsp;NAH-1-1897\/2022&nbsp;sz\u00e1mon akkredit\u00e1lt vizsg\u00e1l\u00f3laborat\u00f3rium. Az itt felsorolt vizsg\u00e1latok a 148\/2007 (XII. 8.) FVM rendelet szerinti &#8230; <a title=\"Haszon\u00e1llat szerol\u00f3gia\" class=\"read-more\" href=\"https:\/\/vetmedlabor.hu\/sk\/haszonallat-szerologia\/\" aria-label=\"More on Haszon\u00e1llat szerol\u00f3gia\">Read more<\/a><\/p>","protected":false},"author":1,"featured_media":0,"parent":0,"menu_order":0,"comment_status":"closed","ping_status":"closed","template":"","meta":{"footnotes":""},"_links":{"self":[{"href":"https:\/\/vetmedlabor.hu\/sk\/wp-json\/wp\/v2\/pages\/1252"}],"collection":[{"href":"https:\/\/vetmedlabor.hu\/sk\/wp-json\/wp\/v2\/pages"}],"about":[{"href":"https:\/\/vetmedlabor.hu\/sk\/wp-json\/wp\/v2\/types\/page"}],"author":[{"embeddable":true,"href":"https:\/\/vetmedlabor.hu\/sk\/wp-json\/wp\/v2\/users\/1"}],"replies":[{"embeddable":true,"href":"https:\/\/vetmedlabor.hu\/sk\/wp-json\/wp\/v2\/comments?post=1252"}],"version-history":[{"count":5,"href":"https:\/\/vetmedlabor.hu\/sk\/wp-json\/wp\/v2\/pages\/1252\/revisions"}],"predecessor-version":[{"id":1607,"href":"https:\/\/vetmedlabor.hu\/sk\/wp-json\/wp\/v2\/pages\/1252\/revisions\/1607"}],"wp:attachment":[{"href":"https:\/\/vetmedlabor.hu\/sk\/wp-json\/wp\/v2\/media?parent=1252"}],"curies":[{"name":"wp","href":"https:\/\/api.w.org\/{rel}","templated":true}]}}