{"id":1230,"date":"2023-08-21T15:25:06","date_gmt":"2023-08-21T15:25:06","guid":{"rendered":"https:\/\/vetmedlabor.hu\/?page_id=1230"},"modified":"2025-08-27T07:07:58","modified_gmt":"2025-08-27T07:07:58","slug":"cikkek","status":"publish","type":"page","link":"https:\/\/vetmedlabor.hu\/sk\/cikkek\/","title":{"rendered":"Cikkek"},"content":{"rendered":"<div class=\"gb-grid-wrapper gb-grid-wrapper-4af6100a gb-query-loop-wrapper\">\n<div class=\"gb-grid-column gb-grid-column-1a594596 gb-query-loop-item post-1174 post type-post status-publish format-standard has-post-thumbnail hentry category-cikkek generate-columns tablet-grid-50 mobile-grid-100 grid-parent grid-25\"><div class=\"gb-container gb-container-1a594596\">\n<h2 class=\"gb-headline gb-headline-80270d36 gb-headline-text\"><a href=\"https:\/\/vetmedlabor.hu\/sk\/cikkek\/szivfergesseg\/\">Sz\u00edvf\u00e9rgess\u00e9g<\/a><\/h2>\n\n<p class=\"gb-headline gb-headline-8e47f61d gb-headline-text\"><time class=\"entry-date published\" datetime=\"2023-05-11T15:50:27+00:00\">11 m\u00e1ja, 2023<\/time><\/p>\n\n<div class=\"gb-headline gb-headline-92e6d9c2 gb-headline-text\">A ragadoz\u00f3k sz\u00edvf\u00e9rgess\u00e9g\u00e9t a cardiovascularis rendszerben \u00e9l\u0151 Dirofilaria immitis fon\u00e1lf\u00e9rgek okozz\u00e1k. Haz\u00e1nkban eddig csek\u00e9ly jelent\u0151s\u00e9ggel b\u00edrt, de itthon is &#8230; <a title=\"Sz\u00edvf\u00e9rgess\u00e9g\" class=\"read-more\" href=\"https:\/\/vetmedlabor.hu\/sk\/cikkek\/szivfergesseg\/\" aria-label=\"More on Sz\u00edvf\u00e9rgess\u00e9g\">Read more<\/a><\/div>\n<\/div><\/div>\n\n<div class=\"gb-grid-column gb-grid-column-1a594596 gb-query-loop-item post-1172 post type-post status-publish format-standard hentry category-cikkek generate-columns tablet-grid-50 mobile-grid-100 grid-parent grid-25\"><div class=\"gb-container gb-container-1a594596\">\n<h2 class=\"gb-headline gb-headline-80270d36 gb-headline-text\"><a href=\"https:\/\/vetmedlabor.hu\/sk\/cikkek\/teleradiologiai-tajekoztato\/\">Teleradiol\u00f3giai t\u00e1j\u00e9koztat\u00f3<\/a><\/h2>\n\n<p class=\"gb-headline gb-headline-8e47f61d gb-headline-text\"><time class=\"entry-date published\" datetime=\"2023-05-11T15:48:06+00:00\">11 m\u00e1ja, 2023<\/time><\/p>\n\n<div class=\"gb-headline gb-headline-92e6d9c2 gb-headline-text\">Kedves Koll\u00e9g\u00e1k! K\u00f6sz\u00f6nj\u00fck, hogy a Vet-Med-Labor teleradiol\u00f3giai szolg\u00e1ltat\u00e1s\u00e1t v\u00e1lasztj\u00e1k. A k\u00f6vetkez\u0151kben \u00e1ltal\u00e1nos inform\u00e1ci\u00f3khoz juthatnak a szolg\u00e1ltat\u00e1ssal kapcsolatban. A teleradiol\u00f3gia &#8230; <a title=\"Teleradiol\u00f3giai t\u00e1j\u00e9koztat\u00f3\" class=\"read-more\" href=\"https:\/\/vetmedlabor.hu\/sk\/cikkek\/teleradiologiai-tajekoztato\/\" aria-label=\"More on Teleradiol\u00f3giai t\u00e1j\u00e9koztat\u00f3\">Read more<\/a><\/div>\n<\/div><\/div>\n<\/div>\n\n\n<div class=\"gb-container gb-container-82f1de29\"><\/div>","protected":false},"excerpt":{"rendered":"","protected":false},"author":1,"featured_media":0,"parent":0,"menu_order":0,"comment_status":"closed","ping_status":"closed","template":"","meta":{"footnotes":""},"_links":{"self":[{"href":"https:\/\/vetmedlabor.hu\/sk\/wp-json\/wp\/v2\/pages\/1230"}],"collection":[{"href":"https:\/\/vetmedlabor.hu\/sk\/wp-json\/wp\/v2\/pages"}],"about":[{"href":"https:\/\/vetmedlabor.hu\/sk\/wp-json\/wp\/v2\/types\/page"}],"author":[{"embeddable":true,"href":"https:\/\/vetmedlabor.hu\/sk\/wp-json\/wp\/v2\/users\/1"}],"replies":[{"embeddable":true,"href":"https:\/\/vetmedlabor.hu\/sk\/wp-json\/wp\/v2\/comments?post=1230"}],"version-history":[{"count":7,"href":"https:\/\/vetmedlabor.hu\/sk\/wp-json\/wp\/v2\/pages\/1230\/revisions"}],"predecessor-version":[{"id":1739,"href":"https:\/\/vetmedlabor.hu\/sk\/wp-json\/wp\/v2\/pages\/1230\/revisions\/1739"}],"wp:attachment":[{"href":"https:\/\/vetmedlabor.hu\/sk\/wp-json\/wp\/v2\/media?parent=1230"}],"curies":[{"name":"wp","href":"https:\/\/api.w.org\/{rel}","templated":true}]}}