{"id":1091,"date":"2023-05-11T06:02:28","date_gmt":"2023-05-11T06:02:28","guid":{"rendered":"https:\/\/vetmedlabor.hu\/?page_id=1091"},"modified":"2023-08-22T06:14:10","modified_gmt":"2023-08-22T06:14:10","slug":"kutatas-es-fejlesztes","status":"publish","type":"page","link":"https:\/\/vetmedlabor.hu\/sk\/kutatas-es-fejlesztes\/","title":{"rendered":"Kutat\u00e1s \u00e9s fejleszt\u00e9s"},"content":{"rendered":"<p>C\u00e9g\u00fcnk 2003-ben alakult azzal a c\u00e9llal, hogy megfelel\u0151 alapokat biztos\u00edtson a sz\u00ednvonalas \u00e1llatgy\u00f3gy\u00e1szathoz. Az elm\u00falt \u00e9vek sor\u00e1n az ig\u00e9nyekhez igazodva folyamatosan b\u0151v\u00edtett\u00fck a vizsg\u00e1lati lehet\u0151s\u00e9geket, melynek k\u00f6sz\u00f6nhet\u0151en nagy gyorsas\u00e1ggal tudjuk oki diagn\u00f3zishoz juttatni partnereinket. A diagnosztikai munka sor\u00e1n rendszeresen tal\u00e1lkozunk olyan probl\u00e9m\u00e1kkal, melyek t\u00falmutatnak a hagyom\u00e1nyos diagnosztikai munk\u00e1n, \u00e9s izgalmas kutat\u00e1si ter\u00fcletk\u00e9nt szolg\u00e1lnak, \u00edgy 2006-ben kutat\u00e1s-fejleszt\u00e9ssel is elkezdt\u00fcnk foglalkozni az \u00c1llatorvostudom\u00e1nyi Egyetemmel egy\u00fcttm\u0171k\u00f6d\u00e9sben. Ennek keret\u00e9n bel\u00fcl nemcsak vakcin\u00e1k kifejleszt\u00e9s\u00e9ben vett\u00fcnk r\u00e9szt (pl galamb circov\u00edrus elleni vakcina), hanem t\u00f6bb alkalommal els\u0151 hazai izol\u00e1l\u00e1sokat is elk\u00f6nyvelhett\u00fcnk (pl.: Candida parapsilosis).<\/p>\n\n\n\n<p>A kutat\u00e1s-fejleszt\u00e9s keret\u00e9n bel\u00fcl a k\u00f6vetkez\u0151 projektekben vett\u00fcnk illetve vesz\u00fcnk r\u00e9szt:<\/p>\n\n\n\n<ul>\n<li>Galamb-circovirus diverzit\u00e1s kimutat\u00e1sa \u00e9s galamb-circovirus vakcina kifejleszt\u00e9se<\/li>\n\n\n\n<li>Brucella canis fert\u0151z\u00f6tts\u00e9g hazai felm\u00e9r\u00e9se<\/li>\n\n\n\n<li>Sert\u00e9s parvovirus t\u00f6rzsek felkutat\u00e1sa<\/li>\n\n\n\n<li>Kutya parvovirus&nbsp;t\u00f6rzsek felkutat\u00e1sa<\/li>\n\n\n\n<li>Optikai sejt differenci\u00e1l\u00f3 softwer fejleszt\u00e9s&nbsp;<\/li>\n<\/ul>\n\n\n\n<p>A Galamb-circovirus vakcina kifejleszt\u00e9s\u00e9re k\u00fcl\u00f6n\u00f6sen b\u00fcszk\u00e9k vagyunk, mivel ez az els\u0151 olyan projekt\u00fcnk, ahol a kutat\u00e1s fejleszt\u00e9s a know-how \u00e9rt\u00e9kes\u00edt\u00e9s\u00e9nek szakasz\u00e1ba l\u00e9pett.<\/p>","protected":false},"excerpt":{"rendered":"<p>C\u00e9g\u00fcnk 2003-ben alakult azzal a c\u00e9llal, hogy megfelel\u0151 alapokat biztos\u00edtson a sz\u00ednvonalas \u00e1llatgy\u00f3gy\u00e1szathoz. Az elm\u00falt \u00e9vek sor\u00e1n az ig\u00e9nyekhez igazodva folyamatosan b\u0151v\u00edtett\u00fck a vizsg\u00e1lati lehet\u0151s\u00e9geket, &#8230; <a title=\"Kutat\u00e1s \u00e9s fejleszt\u00e9s\" class=\"read-more\" href=\"https:\/\/vetmedlabor.hu\/sk\/kutatas-es-fejlesztes\/\" aria-label=\"More on Kutat\u00e1s \u00e9s fejleszt\u00e9s\">Read more<\/a><\/p>","protected":false},"author":1,"featured_media":0,"parent":0,"menu_order":0,"comment_status":"closed","ping_status":"closed","template":"","meta":{"footnotes":""},"_links":{"self":[{"href":"https:\/\/vetmedlabor.hu\/sk\/wp-json\/wp\/v2\/pages\/1091"}],"collection":[{"href":"https:\/\/vetmedlabor.hu\/sk\/wp-json\/wp\/v2\/pages"}],"about":[{"href":"https:\/\/vetmedlabor.hu\/sk\/wp-json\/wp\/v2\/types\/page"}],"author":[{"embeddable":true,"href":"https:\/\/vetmedlabor.hu\/sk\/wp-json\/wp\/v2\/users\/1"}],"replies":[{"embeddable":true,"href":"https:\/\/vetmedlabor.hu\/sk\/wp-json\/wp\/v2\/comments?post=1091"}],"version-history":[{"count":2,"href":"https:\/\/vetmedlabor.hu\/sk\/wp-json\/wp\/v2\/pages\/1091\/revisions"}],"predecessor-version":[{"id":1330,"href":"https:\/\/vetmedlabor.hu\/sk\/wp-json\/wp\/v2\/pages\/1091\/revisions\/1330"}],"wp:attachment":[{"href":"https:\/\/vetmedlabor.hu\/sk\/wp-json\/wp\/v2\/media?parent=1091"}],"curies":[{"name":"wp","href":"https:\/\/api.w.org\/{rel}","templated":true}]}}