{"id":1990,"date":"2026-03-09T14:22:20","date_gmt":"2026-03-09T14:22:20","guid":{"rendered":"https:\/\/vetmedlabor.hu\/?page_id=1990"},"modified":"2026-03-16T14:41:24","modified_gmt":"2026-03-16T14:41:24","slug":"megrendelo-lapok","status":"publish","type":"page","link":"https:\/\/vetmedlabor.hu\/en\/megrendelo-lapok\/","title":{"rendered":"Megrendel\u0151lapok"},"content":{"rendered":"<p><a href=\"https:\/\/vetmedlabor.hu\/wp-content\/uploads\/2026\/03\/Altalanos-vizsgalati-megrendelo.pdf\">\u00c1ltal\u00e1nos vizsg\u00e1lati megrendel\u0151p<\/a><\/p>\n\n\n\n<p><a href=\"https:\/\/vetmedlabor.hu\/wp-content\/uploads\/2026\/03\/Citologiai_megrendelo.pdf\">Citol\u00f3gia megrendel\u0151lap<\/a><\/p>\n\n\n\n<p><a href=\"https:\/\/vetmedlabor.hu\/wp-content\/uploads\/2026\/03\/Szovettani_megrendelo.pdf\">Sz\u00f6vettani megrendel\u0151lap<\/a><\/p>\n\n\n\n<p><a href=\"https:\/\/vetmedlabor.hu\/wp-content\/uploads\/2025\/04\/vizsgalatkero_kerozo_marha_2025_szerkesztheto-2.pdf\">H\u00fasmarha endoparazita-fert\u0151z\u00f6tts\u00e9g (bels\u0151 \u00e9l\u0151sk\u00f6d\u0151k) felm\u00e9r\u00e9se \u2013 vizsg\u00e1latk\u00e9r\u0151 lap<\/a><\/p>\n\n\n\n<p><a href=\"https:\/\/vetmedlabor.hu\/wp-content\/uploads\/2026\/03\/vizsgalatkero_kerozo_marha_2025_szerkesztheto-2-1.pdf\">Kisk\u00e9r\u0151dz\u0151 endoparazita-fert\u0151z\u00f6<\/a><a href=\"https:\/\/vetmedlabor.hu\/wp-content\/uploads\/2025\/04\/vizsgalatkero_kerozo_marha_2025_szerkesztheto-2.pdf\">tts\u00e9g (bels\u0151 \u00e9l\u0151sk\u00f6d\u0151k) felm\u00e9r\u00e9se\u00a0\u2013 vizsg\u00e1latk\u00e9r\u0151 lap<\/a><\/p>","protected":false},"excerpt":{"rendered":"<p>\u00c1ltal\u00e1nos vizsg\u00e1lati megrendel\u0151p Citol\u00f3gia megrendel\u0151lap Sz\u00f6vettani megrendel\u0151lap H\u00fasmarha endoparazita-fert\u0151z\u00f6tts\u00e9g (bels\u0151 \u00e9l\u0151sk\u00f6d\u0151k) felm\u00e9r\u00e9se \u2013 vizsg\u00e1latk\u00e9r\u0151 lap Kisk\u00e9r\u0151dz\u0151 endoparazita-fert\u0151z\u00f6tts\u00e9g (bels\u0151 \u00e9l\u0151sk\u00f6d\u0151k) felm\u00e9r\u00e9se\u00a0\u2013 vizsg\u00e1latk\u00e9r\u0151 lap<\/p>","protected":false},"author":1,"featured_media":0,"parent":0,"menu_order":0,"comment_status":"closed","ping_status":"closed","template":"","meta":{"footnotes":""},"_links":{"self":[{"href":"https:\/\/vetmedlabor.hu\/en\/wp-json\/wp\/v2\/pages\/1990"}],"collection":[{"href":"https:\/\/vetmedlabor.hu\/en\/wp-json\/wp\/v2\/pages"}],"about":[{"href":"https:\/\/vetmedlabor.hu\/en\/wp-json\/wp\/v2\/types\/page"}],"author":[{"embeddable":true,"href":"https:\/\/vetmedlabor.hu\/en\/wp-json\/wp\/v2\/users\/1"}],"replies":[{"embeddable":true,"href":"https:\/\/vetmedlabor.hu\/en\/wp-json\/wp\/v2\/comments?post=1990"}],"version-history":[{"count":7,"href":"https:\/\/vetmedlabor.hu\/en\/wp-json\/wp\/v2\/pages\/1990\/revisions"}],"predecessor-version":[{"id":2014,"href":"https:\/\/vetmedlabor.hu\/en\/wp-json\/wp\/v2\/pages\/1990\/revisions\/2014"}],"wp:attachment":[{"href":"https:\/\/vetmedlabor.hu\/en\/wp-json\/wp\/v2\/media?parent=1990"}],"curies":[{"name":"wp","href":"https:\/\/api.w.org\/{rel}","templated":true}]}}