{"id":1684,"date":"2025-03-20T10:20:53","date_gmt":"2025-03-20T10:20:53","guid":{"rendered":"https:\/\/vetmedlabor.hu\/?page_id=1684"},"modified":"2025-04-16T16:21:38","modified_gmt":"2025-04-16T16:21:38","slug":"kiskerodzo-endoparazitozis","status":"publish","type":"page","link":"https:\/\/vetmedlabor.hu\/en\/kiskerodzo-endoparazitozis\/","title":{"rendered":"Kisk\u00e9r\u0151dz\u0151 endoparazit\u00f3zis"},"content":{"rendered":"<div class=\"gb-container gb-container-121106eb\">\n\n<p>Szeretn\u00e9nk figyelm\u00fckbe aj\u00e1nlani a kisk\u00e9r\u0151dz\u0151 \u00e1llatj\u00f3l\u00e9ti t\u00e1mogat\u00e1s kapcs\u00e1n a Vet-Med-Labor \u00e1ltal v\u00e9gzett endoparazita-fert\u0151z\u00f6tts\u00e9g (bels\u0151 \u00e9l\u0151sk\u00f6d\u0151k) ellen\u0151rz\u00e9s\u00e9re ir\u00e1nyul\u00f3 vizsg\u00e1latokat:<\/p>\n\n\n\n<p>\u2022 Felsz\u00ednd\u00fas\u00edt\u00e1s<br>\u2022 L\u00e1rvaizol\u00e1ci\u00f3<br>\u2022 \u00dclep\u00edt\u00e9seses d\u00fas\u00edt\u00e1s<\/p>\n\n\n\n<p>A t\u00e1mogat\u00e1ssal kapcsolatos tov\u00e1bbi inform\u00e1ci\u00f3k a Magyar Juh- \u00e9s Kecsketeny\u00e9szt\u0151 Sz\u00f6vets\u00e9g oldal\u00e1n tal\u00e1lhat\u00f3k.<\/p>\n\n\n\n<p><a href=\"https:\/\/www.allattenyesztok.hu\/\" rel=\"noreferrer noopener\" target=\"_blank\">https:\/\/mjksz.hu\/<\/a><br><br>A mintav\u00e9tellel kapcsolatos b\u0151vebb inform\u00e1ci\u00f3k\u00e9rt forduljanak a Vet-Med-Labor munkat\u00e1rsaihoz:<\/p>\n\n\n\n<h3 class=\"wp-block-heading\">El\u00e9rhet\u0151s\u00e9geink<\/h3>\n\n\n\n<p>dr. S\u00e1f\u00e1r J\u00e1nos<br>06 70 422 0955 \/ 06 1 422 0944<br><a href=\"mailto:safar.janos@vetmedlabor.hu\" target=\"_blank\" rel=\"noreferrer noopener\">safar.janos@vetmedlabor.hu<\/a>&nbsp;\/&nbsp;<a href=\"mailto:info@vetmedlabor.hu\" target=\"_blank\" rel=\"noreferrer noopener\">info@vetmedlabor.hu<\/a><\/p>\n\n\n\n<h3 class=\"wp-block-heading\">Let\u00f6lthet\u0151 dokumentumok<\/h3>\n\n\n\n<ul>\n<li><a href=\"https:\/\/vetmedlabor.hu\/wp-content\/uploads\/2025\/04\/vizsgalatkero_kerozo_marha_2025_szerkesztheto-2.pdf\">Kisk\u00e9r\u0151dz\u0151 endoparazita-fert\u0151z\u00f6tts\u00e9g (bels\u0151 \u00e9l\u0151sk\u00f6d\u0151k) felm\u00e9r\u00e9se\u00a0\u2013 vizsg\u00e1latk\u00e9r\u0151 lap<\/a><\/li>\n\n\n\n<li><a href=\"https:\/\/vetmedlabor.hu\/wp-content\/uploads\/2025\/03\/Belsarminta_vizsgalat_ajanlas2023.pdf\" data-type=\"link\" data-id=\"https:\/\/vetmedlabor.hu\/wp-content\/uploads\/2025\/03\/Belsarminta_vizsgalat_ajanlas2023.pdf\">Kisk\u00e9r\u0151dz\u0151 endoparazita-fert\u0151z\u00f6tts\u00e9g (bels\u0151 \u00e9l\u0151sk\u00f6d\u0151k) felm\u00e9r\u00e9se \u2013 t\u00e1j\u00e9koztat\u00f3<\/a><\/li>\n\n\n\n<li><a href=\"https:\/\/vetmedlabor.hu\/wp-content\/uploads\/2025\/04\/ajanlo_kiskerozo_husmarha_2025-2.pdf\">Kisk\u00e9r\u0151dz\u0151 endoparazita-fert\u0151z\u00f6tts\u00e9g (bels\u0151 \u00e9l\u0151sk\u00f6d\u0151k) felm\u00e9r\u00e9se \u2013 aj\u00e1nl\u00f3<\/a><\/li>\n<\/ul>\n\n<\/div>","protected":false},"excerpt":{"rendered":"<p>Szeretn\u00e9nk figyelm\u00fckbe aj\u00e1nlani a kisk\u00e9r\u0151dz\u0151 \u00e1llatj\u00f3l\u00e9ti t\u00e1mogat\u00e1s kapcs\u00e1n a Vet-Med-Labor \u00e1ltal v\u00e9gzett endoparazita-fert\u0151z\u00f6tts\u00e9g (bels\u0151 \u00e9l\u0151sk\u00f6d\u0151k) ellen\u0151rz\u00e9s\u00e9re ir\u00e1nyul\u00f3 vizsg\u00e1latokat: \u2022 Felsz\u00ednd\u00fas\u00edt\u00e1s\u2022 L\u00e1rvaizol\u00e1ci\u00f3\u2022 \u00dclep\u00edt\u00e9seses d\u00fas\u00edt\u00e1s A t\u00e1mogat\u00e1ssal &#8230; <a title=\"Kisk\u00e9r\u0151dz\u0151 endoparazit\u00f3zis\" class=\"read-more\" href=\"https:\/\/vetmedlabor.hu\/en\/kiskerodzo-endoparazitozis\/\" aria-label=\"More on Kisk\u00e9r\u0151dz\u0151 endoparazit\u00f3zis\">Read more<\/a><\/p>","protected":false},"author":1,"featured_media":0,"parent":0,"menu_order":0,"comment_status":"closed","ping_status":"closed","template":"","meta":{"footnotes":""},"_links":{"self":[{"href":"https:\/\/vetmedlabor.hu\/en\/wp-json\/wp\/v2\/pages\/1684"}],"collection":[{"href":"https:\/\/vetmedlabor.hu\/en\/wp-json\/wp\/v2\/pages"}],"about":[{"href":"https:\/\/vetmedlabor.hu\/en\/wp-json\/wp\/v2\/types\/page"}],"author":[{"embeddable":true,"href":"https:\/\/vetmedlabor.hu\/en\/wp-json\/wp\/v2\/users\/1"}],"replies":[{"embeddable":true,"href":"https:\/\/vetmedlabor.hu\/en\/wp-json\/wp\/v2\/comments?post=1684"}],"version-history":[{"count":2,"href":"https:\/\/vetmedlabor.hu\/en\/wp-json\/wp\/v2\/pages\/1684\/revisions"}],"predecessor-version":[{"id":1705,"href":"https:\/\/vetmedlabor.hu\/en\/wp-json\/wp\/v2\/pages\/1684\/revisions\/1705"}],"wp:attachment":[{"href":"https:\/\/vetmedlabor.hu\/en\/wp-json\/wp\/v2\/media?parent=1684"}],"curies":[{"name":"wp","href":"https:\/\/api.w.org\/{rel}","templated":true}]}}