{"id":1462,"date":"2023-11-13T14:25:13","date_gmt":"2023-11-13T14:25:13","guid":{"rendered":"https:\/\/vetmedlabor.hu\/?page_id=1462"},"modified":"2023-12-05T11:30:26","modified_gmt":"2023-12-05T11:30:26","slug":"futarszolgalat","status":"publish","type":"page","link":"https:\/\/vetmedlabor.hu\/en\/futarszolgalat\/","title":{"rendered":"Fut\u00e1rszolg\u00e1lat"},"content":{"rendered":"<div class=\"gb-container gb-container-4d11686b\">\n<div class=\"gb-container gb-container-0774976c\">\n<div class=\"gb-container gb-container-8955cc64\">\n\n<h2 class=\"gb-headline gb-headline-ba4bbb94 gb-headline-text\">Mintasz\u00e1ll\u00edt\u00e1s<\/h2>\n\n\n<div class=\"gb-container gb-container-16454261\">\n\n<a class=\"gb-button gb-button-6d1e897e gb-button-text\" href=\"https:\/\/vet-med-labor.hu\/labsoftlims\/\" target=\"_blank\" rel=\"noopener\">Fut\u00e1rrendel\u00e9s<\/a>\n\n<\/div>\n<\/div>\n\n<div class=\"gb-container gb-container-1dfaea98 gb-tabs\" data-opened-tab=\"1\">\n<div class=\"gb-container gb-container-2fc0988d gb-tabs__buttons\">\n\n<button class=\"gb-button gb-button-58fd7f66 gb-button-text gb-tabs__button gb-block-is-current\">Budapest<\/button>\n\n\n\n<button class=\"gb-button gb-button-fa04428c gb-button-text gb-tabs__button\">Agglomer\u00e1ci\u00f3<\/button>\n\n\n\n<button class=\"gb-button gb-button-f3828195 gb-button-text gb-tabs__button\">Vid\u00e9k<\/button>\n\n<\/div>\n\n<div class=\"gb-container gb-container-144e2953 gb-tabs__items\">\n<div class=\"gb-container gb-container-03b14c8f gb-tabs__item gb-tabs__item-open\">\n<div class=\"gb-container gb-container-ca53b714\">\n\n<figure class=\"wp-block-table\"><table><thead><tr><th><\/th><th class=\"has-text-align-right\" data-align=\"right\">H\u00e9tk\u00f6znap<\/th><th class=\"has-text-align-right\" data-align=\"right\">Szombat<\/th><\/tr><\/thead><tbody><tr><td>Fut\u00e1r ig\u00e9nyl\u00e9s ideje<\/td><td class=\"has-text-align-right\" data-align=\"right\">9.00 &#8211; 18.00<\/td><td class=\"has-text-align-right\" data-align=\"right\">9.30 &#8211; 11.00<\/td><\/tr><tr><td>Fut\u00e1rok indul\u00e1s\u00e1nak ideje<\/td><td class=\"has-text-align-right\" data-align=\"right\">10.00<\/td><td class=\"has-text-align-right\" data-align=\"right\">10.00<\/td><\/tr><tr><td>Norm\u00e1l sz\u00e1ll\u00edt\u00e1s<\/td><td class=\"has-text-align-right\" data-align=\"right\">2 800 Ft<\/td><td class=\"has-text-align-right\" data-align=\"right\">3 900 Ft<\/td><\/tr><tr><td>Speci\u00e1lis sz\u00e1ll\u00edt\u00e1s<\/td><td class=\"has-text-align-right\" data-align=\"right\">8 400 Ft<\/td><td class=\"has-text-align-right\" data-align=\"right\">nem ig\u00e9nyelhet\u0151<\/td><\/tr><tr><td>S\u00fcrg\u0151s sz\u00e1ll\u00edt\u00e1s<\/td><td class=\"has-text-align-right\" data-align=\"right\">13 500 Ft<\/td><td class=\"has-text-align-right\" data-align=\"right\">nem ig\u00e9nyelhet\u0151<\/td><\/tr><\/tbody><\/table><\/figure>\n\n\n\n<h4 class=\"gb-headline gb-headline-f4ddcb23 gb-headline-text\">Norm\u00e1l sz\u00e1ll\u00edt\u00e1s<\/h4>\n\n\n\n<p>A bejelent\u00e9st\u0151l sz\u00e1m\u00edtott 3.5 bel\u00fcl felvessz\u00fck a mint\u00e1t. Mivel a fut\u00e1rok munkaideje 10 \u00f3rakor kezd\u0151dik, a 10 \u00f3ra el\u0151tt bejelentett sz\u00e1ll\u00edt\u00e1sokn\u00e1l 13.30-ig garant\u00e1ljuk a mintafelv\u00e9telt.<\/p>\n\n\n\n<h4 class=\"gb-headline gb-headline-900e7a39 gb-headline-text\">Speci\u00e1lis sz\u00e1ll\u00edt\u00e1s<\/h4>\n\n\n\n<p>Ha a fut\u00e1rnak konkr\u00e9t id\u0151pontra kell \u00e9rkezni a rendel\u0151be, vagy 3,5 \u00f3r\u00e1n\u00e1l sz\u0171kebb id\u0151intervallumban kell a c\u00edmre \u00e9rkezni, speci\u00e1lis sz\u00e1ll\u00edt\u00e1si d\u00edjat sz\u00e1molunk fel.<\/p>\n\n\n\n<h4 class=\"gb-headline gb-headline-a6e06343 gb-headline-text\">S\u00fcrg\u0151s sz\u00e1ll\u00edt\u00e1s<\/h4>\n\n\n\n<p>A minta 1,5 \u00f3r\u00e1n bel\u00fcl eljut a laborba \u00e9s soron k\u00edv\u00fcl feldolgozzuk.<\/p>\n\n\n\n<h4 class=\"gb-headline gb-headline-32137b2d gb-headline-text\">V\u00e1rakoz\u00e1si id\u0151<\/h4>\n\n\n\n<p>\u00c9rkez\u00e9st\u0151l sz\u00e1m\u00edtott els\u0151 5 perc INGYENES. Az els\u0151 5 perc ut\u00e1n minden megkezdett 5 perc 1000 Ft\/5 perc.<\/p>\n\n<\/div>\n<\/div>\n\n<div class=\"gb-container gb-container-ef48ae06 gb-tabs__item\">\n<div class=\"gb-container gb-container-446eea5d\">\n\n<figure class=\"wp-block-table\"><table><thead><tr><th><\/th><th class=\"has-text-align-right\" data-align=\"right\">H\u00e9tk\u00f6znap<\/th><th class=\"has-text-align-right\" data-align=\"right\">Szombat<\/th><\/tr><\/thead><tbody><tr><td>Fut\u00e1r ig\u00e9nyl\u00e9s ideje<\/td><td class=\"has-text-align-right\" data-align=\"right\">9.00 &#8211; 17.00<\/td><td class=\"has-text-align-right\" data-align=\"right\">9.30 &#8211; 11.00<\/td><\/tr><tr><td>Fut\u00e1rok indul\u00e1s\u00e1nak ideje<\/td><td class=\"has-text-align-right\" data-align=\"right\">10.00<\/td><td class=\"has-text-align-right\" data-align=\"right\">10.00<\/td><\/tr><tr><td>Agglomer\u00e1ci\u00f3 1 sz\u00e1ll\u00edt\u00e1s<\/td><td class=\"has-text-align-right\" data-align=\"right\">3 600 Ft<\/td><td class=\"has-text-align-right\" data-align=\"right\">4 500 Ft<\/td><\/tr><tr><td>Agglomer\u00e1ci\u00f3 2 sz\u00e1ll\u00edt\u00e1s<\/td><td class=\"has-text-align-right\" data-align=\"right\">6 000 Ft<\/td><td class=\"has-text-align-right\" data-align=\"right\">6 600 Ft<\/td><\/tr><tr><td>Speci\u00e1lis sz\u00e1ll\u00edt\u00e1s<\/td><td class=\"has-text-align-right\" data-align=\"right\">14 000 Ft<\/td><td class=\"has-text-align-right\" data-align=\"right\">nem ig\u00e9nyelhet\u0151<\/td><\/tr><tr><td>S\u00fcrg\u0151s sz\u00e1ll\u00edt\u00e1s<\/td><td class=\"has-text-align-right\" data-align=\"right\">28 000 Ft<\/td><td class=\"has-text-align-right\" data-align=\"right\">nem ig\u00e9nyelhet\u0151<\/td><\/tr><\/tbody><\/table><\/figure>\n\n\n\n<h4 class=\"gb-headline gb-headline-61786c40 gb-headline-text\">Norm\u00e1l sz\u00e1ll\u00edt\u00e1s<\/h4>\n\n\n\n<p>A bejelent\u00e9st\u0151l sz\u00e1m\u00edtott 4 bel\u00fcl felvessz\u00fck a mint\u00e1t. Mivel a fut\u00e1rok munkaideje 10 \u00f3rakor kezd\u0151dik, a 10 \u00f3ra el\u0151tt bejelentett sz\u00e1ll\u00edt\u00e1sokn\u00e1l 14.00-ig garant\u00e1ljuk a mintafelv\u00e9telt.<\/p>\n\n\n\n<h4 class=\"gb-headline gb-headline-3edd33bf gb-headline-text\">Speci\u00e1lis sz\u00e1ll\u00edt\u00e1s<\/h4>\n\n\n\n<p>Ha a fut\u00e1rnak konkr\u00e9t id\u0151pontra kell \u00e9rkezni a rendel\u0151be, vagy 4 \u00f3r\u00e1n\u00e1l sz\u0171kebb id\u0151intervallumban kell a c\u00edmre \u00e9rkezni, speci\u00e1lis sz\u00e1ll\u00edt\u00e1si d\u00edjat sz\u00e1molunk fel.<\/p>\n\n\n\n<h4 class=\"gb-headline gb-headline-7fd3e826 gb-headline-text\">S\u00fcrg\u0151s sz\u00e1ll\u00edt\u00e1s<\/h4>\n\n\n\n<p>A minta 2 \u00f3r\u00e1n bel\u00fcl eljut a laborba \u00e9s soron k\u00edv\u00fcl feldolgozzuk.<\/p>\n\n\n\n<h4 class=\"gb-headline gb-headline-523fe843 gb-headline-text\">V\u00e1rakoz\u00e1si id\u0151<\/h4>\n\n\n\n<p>\u00c9rkez\u00e9st\u0151l sz\u00e1m\u00edtott els\u0151 5 perc INGYENES. Az els\u0151 5 perc ut\u00e1n minden megkezdett 5 perc 1000 Ft\/5 perc.<\/p>\n\n<\/div>\n<\/div>\n\n<div class=\"gb-container gb-container-c1c7a97c gb-tabs__item\">\n<div class=\"gb-container gb-container-8e4c682a\">\n\n<figure class=\"wp-block-table\"><table><thead><tr><th><\/th><th class=\"has-text-align-right\" data-align=\"right\">Norm\u00e1l sz\u00e1ll\u00edt\u00e1s<\/th><th class=\"has-text-align-right\" data-align=\"right\">Szombati sz\u00e1ll\u00edt\u00e1s<\/th><\/tr><\/thead><tbody><tr><td>DHL norm\u00e1l 2,5 kg-ig<br>(kis csomag)<\/td><td class=\"has-text-align-right\" data-align=\"right\">3 500 Ft<\/td><td class=\"has-text-align-right\" data-align=\"right\">12 500 Ft<\/td><\/tr><tr><td>DHL norm\u00e1l 2,6-5 kg-ig<br>(k\u00f6zepes csomag)<\/td><td class=\"has-text-align-right\" data-align=\"right\">4 500 Ft<\/td><td class=\"has-text-align-right\" data-align=\"right\">13 500 Ft<\/td><\/tr><tr><td>DHL EU-n bel\u00fcl<\/td><td class=\"has-text-align-right\" data-align=\"right\">egyedi \u00e1raj\u00e1nlat alapj\u00e1n<\/td><td class=\"has-text-align-right\" data-align=\"right\">nincs ilyen<\/td><\/tr><\/tbody><\/table><\/figure>\n\n\n\n<h4 class=\"gb-headline gb-headline-d3d4284c gb-headline-text\">Norm\u00e1l DHL sz\u00e1ll\u00edt\u00e1s<\/h4>\n\n\n\n<p>A DHL fut\u00e1rai gy\u0171jtik be vid\u00e9kr\u0151l a mint\u00e1inkat, amelyhez a megrendel\u00e9st c\u00e9g\u00fcnk telefonos el\u00e9rhet\u0151s\u00e9gein tudj\u00e1tok jelezni. Aznapi felv\u00e9telt v\u00e1rosonk\u00e9nt elt\u00e9r\u0151 id\u0151pontig, \u00e1ltal\u00e1ban a d\u00e9lel\u0151tti\/kora d\u00e9lut\u00e1ni \u00f3r\u00e1kig tudunk k\u00e9rni. A v\u00e9rv\u00e9teli cs\u00f6veket laborunkt\u00f3l d\u00edjmentesen ig\u00e9nyelhet\u0151 mintak\u00fcld\u0151 hengerbe helyezve, azt megfelel\u0151en z\u00e1rt dobozba csomagolva k\u00e9rj\u00fck feladni. A mint\u00e1k a felv\u00e9telt k\u00f6vet\u0151 napt\u00e1ri munkanapon ker\u00fclnek a laborat\u00f3riumba, melyeket aznap fel is dolgozunk.<\/p>\n\n\n\n<h4 class=\"gb-headline gb-headline-387d26ca gb-headline-text\">Szombati DHL sz\u00e1ll\u00edt\u00e1s<\/h4>\n\n\n\n<p>P\u00e9nteki csomagfelv\u00e9tel eset\u00e9n lehet\u0151s\u00e9g van szombati kisz\u00e1ll\u00edt\u00e1st is k\u00e9rni, magasabb d\u00edj\u00e9rt.<\/p>\n\n\n\n<h4 class=\"gb-headline gb-headline-571bc994 gb-headline-text\">Norm\u00e1l POSTAI sz\u00e1ll\u00edt\u00e1s<\/h4>\n\n\n\n<p>A leggyorsabban abban az esetben jutnak el laborunkba a csomagok, ha a postafi\u00f3kunkra (1593 Budapest, Pf. 679) c\u00edmezik a lev\u00e9lk\u00fcldem\u00e9nyeket, els\u0151bbs\u00e9gi \u00e9s aj\u00e1nlott k\u00fcldem\u00e9nyk\u00e9nt. Ebben az esetben a k\u00f6vetkez\u0151 munkanapon jut el a laborba a csomag, p\u00e9nteki felad\u00e1s eset\u00e9n h\u00e9tf\u0151n.<\/p>\n\n<\/div>\n<\/div>\n<\/div>\n<\/div>\n\n<div class=\"gb-container gb-container-93b027d1\">\n\n<h2 class=\"gb-headline gb-headline-c91a3949 gb-headline-text\">Tov\u00e1bbi inform\u00e1ci\u00f3k<\/h2>\n\n\n\n<h3 class=\"gb-headline gb-headline-f585cd76 gb-headline-text\">Adminisztr\u00e1ci\u00f3s d\u00edjak<\/h3>\n\n\n\n<figure class=\"wp-block-table\"><table><tbody><tr><td>Soron k\u00edv\u00fcli mintafeldolgoz\u00e1s<\/td><td class=\"has-text-align-right\" data-align=\"right\">5 500 Ft<\/td><\/tr><tr><td>Postak\u00f6lts\u00e9g (lev\u00e9l vagy kis csomag 0,5 kg-ig, els\u0151bbs\u00e9gi \u00e9s aj\u00e1nlott)<\/td><td class=\"has-text-align-right\" data-align=\"right\">2 750 Ft<\/td><\/tr><tr><td>&#8222;Offline&#8221; iktat\u00e1s (amennyiben a vizsg\u00e1lati k\u00e9r\u00e9sek nem ker\u00fcltek el\u0151zetesen r\u00f6gz\u00edt\u00e9sre a laborprogramban)<\/td><td class=\"has-text-align-right\" data-align=\"right\">1 100 Ft<\/td><\/tr><tr><td>&#8222;Offline&#8221; csoportos iktat\u00e1s (3 vagy t\u00f6bb \u00e1llat azonos vizsg\u00e1latra t\u00f6rt\u00e9n\u0151 iktat\u00e1sa)<\/td><td class=\"has-text-align-right\" data-align=\"right\">3 300 Ft<\/td><\/tr><tr><td>Angol nyelv\u0171 sz\u00f6vettani lelet 1 minta<\/td><td class=\"has-text-align-right\" data-align=\"right\">6 770 Ft<\/td><\/tr><tr><td>Minden tov\u00e1bbi sz\u00f6vettani minta eset\u00e9n az angol nyelv\u0171 lelet<\/td><td class=\"has-text-align-right\" data-align=\"right\">4 930 Ft<\/td><\/tr><tr><td>Hivatalos pap\u00edr alap\u00fa eredm\u00e9nyk\u00f6zl\u0151 ig\u00e9nyl\u00e9s (magyar vagy angol)<\/td><td class=\"has-text-align-right\" data-align=\"right\">2 750 Ft<\/td><\/tr><tr><td>Hivatalos pap\u00edr alap\u00fa eredm\u00e9nyk\u00f6zl\u0151 molekul\u00e1ris genetik\u00e1r\u00f3l<\/td><td class=\"has-text-align-right\" data-align=\"right\">12 320 Ft<\/td><\/tr><tr><td>Nem megfelel\u0151 ed\u00e9nyzetbe t\u00f6rt\u00e9n\u0151 mintak\u00fcld\u00e9s<\/td><td class=\"has-text-align-right\" data-align=\"right\">1 650 Ft + ed\u00e9nyzet \u00e1ra<\/td><\/tr><\/tbody><\/table><\/figure>\n\n\n\n<h3 class=\"gb-headline gb-headline-5e3543a8 gb-headline-text\">Agglomer\u00e1ci\u00f3s t\u00e9rk\u00e9p<\/h3>\n\n\n\n<figure class=\"gb-block-image gb-block-image-cb86bed6\"><img loading=\"lazy\" decoding=\"async\" width=\"2126\" height=\"2093\" class=\"gb-image gb-image-cb86bed6\" src=\"https:\/\/vetmedlabor.hu\/wp-content\/uploads\/2023\/12\/terkep_v2.jpg\" alt=\"\" title=\"terkep_v2\" srcset=\"https:\/\/vetmedlabor.hu\/wp-content\/uploads\/2023\/12\/terkep_v2.jpg 2126w, https:\/\/vetmedlabor.hu\/wp-content\/uploads\/2023\/12\/terkep_v2-300x295.jpg 300w, https:\/\/vetmedlabor.hu\/wp-content\/uploads\/2023\/12\/terkep_v2-1024x1008.jpg 1024w, https:\/\/vetmedlabor.hu\/wp-content\/uploads\/2023\/12\/terkep_v2-768x756.jpg 768w, https:\/\/vetmedlabor.hu\/wp-content\/uploads\/2023\/12\/terkep_v2-1536x1512.jpg 1536w, https:\/\/vetmedlabor.hu\/wp-content\/uploads\/2023\/12\/terkep_v2-2048x2016.jpg 2048w, https:\/\/vetmedlabor.hu\/wp-content\/uploads\/2023\/12\/terkep_v2-12x12.jpg 12w\" sizes=\"(max-width: 2126px) 100vw, 2126px\" \/><\/figure>\n\n\n\n<h4 class=\"gb-headline gb-headline-b3e5048f gb-headline-text\">Agglomer\u00e1ci\u00f3 I.:<\/h4>\n\n\n\n<p>Als\u00f3n\u00e9medi, Budakal\u00e1sz, Budakeszi, Buda\u00f6rs, Csom\u00e1d, Cs\u00f6m\u00f6r, Di\u00f3sd, Domony, Dunaharaszti, Dunakeszi, Dunavars\u00e1ny, Ecser, \u00c9rd, Erd\u0151kertes, Fels\u0151pakony, F\u00f3t, G\u00f6d, G\u00f6d\u00f6ll\u0151, Gy\u00e1l, Gy\u00f6mr\u0151, Hal\u00e1sztelek, Iklad, lsaszeg, Kerepes, Kistarcsa, Magl\u00f3d, Mogyor\u00f3d, Nagykov\u00e1csi, Nagytarcsa, \u00d3csa, \u0150rbotty\u00e1n, P\u00e1ty, P\u00e9cel, P\u00e9teri, Pom\u00e1z, Remetesz\u0151l\u0151s, Solym\u00e1r, Szada, Szentendre, Szigetszentmikl\u00f3s, Taksony, Telki, T\u00f6r\u00f6kb\u00e1lint, \u00dcll\u0151, \u00dcr\u00f6m, Vecs\u00e9s, Veresegyh\u00e1z<\/p>\n\n\n\n<h4 class=\"gb-headline gb-headline-a6ea3714 gb-headline-text\">Agglomer\u00e1ci\u00f3 II.:<\/h4>\n\n\n\n<p>Asz\u00f3d, Bag, Biatorb\u00e1gy, Bugyi, Csob\u00e1nka, Cs\u00f6r\u00f6g, Dabas, D\u00e9legyh\u00e1za, Dunavars\u00e1ny, Herceghalom, H\u00e9v\u00edzgy\u00f6rk, In\u00e1rcs, Le\u00e1nyfalu, Mende, Pilisborosjen\u0151, Piliscsaba, Pilisj\u00e1szfalu, Pilisv\u00f6r\u00f6sv\u00e1r, Pilissz\u00e1nt\u00f3, Pilisszentiv\u00e1n, Pusztaz\u00e1mor, S\u00f3sk\u00fat, S\u00fclys\u00e1p, Szigethalom, Sz\u0151d, Sz\u0151dliget, Tahit\u00f3tfalu, T\u00e1rnok, Tinnye, V\u00e1c, Zs\u00e1mb\u00e9k<\/p>\n\n<\/div>\n<\/div>\n<\/div>","protected":false},"excerpt":{"rendered":"<p>Mintasz\u00e1ll\u00edt\u00e1s H\u00e9tk\u00f6znap Szombat Fut\u00e1r ig\u00e9nyl\u00e9s ideje 9.00 &#8211; 18.00 9.30 &#8211; 11.00 Fut\u00e1rok indul\u00e1s\u00e1nak ideje 10.00 10.00 Norm\u00e1l sz\u00e1ll\u00edt\u00e1s 2 800 Ft 3 900 Ft &#8230; <a title=\"Fut\u00e1rszolg\u00e1lat\" class=\"read-more\" href=\"https:\/\/vetmedlabor.hu\/en\/futarszolgalat\/\" aria-label=\"More on Fut\u00e1rszolg\u00e1lat\">Read more<\/a><\/p>","protected":false},"author":1,"featured_media":0,"parent":0,"menu_order":0,"comment_status":"closed","ping_status":"closed","template":"","meta":{"footnotes":""},"_links":{"self":[{"href":"https:\/\/vetmedlabor.hu\/en\/wp-json\/wp\/v2\/pages\/1462"}],"collection":[{"href":"https:\/\/vetmedlabor.hu\/en\/wp-json\/wp\/v2\/pages"}],"about":[{"href":"https:\/\/vetmedlabor.hu\/en\/wp-json\/wp\/v2\/types\/page"}],"author":[{"embeddable":true,"href":"https:\/\/vetmedlabor.hu\/en\/wp-json\/wp\/v2\/users\/1"}],"replies":[{"embeddable":true,"href":"https:\/\/vetmedlabor.hu\/en\/wp-json\/wp\/v2\/comments?post=1462"}],"version-history":[{"count":24,"href":"https:\/\/vetmedlabor.hu\/en\/wp-json\/wp\/v2\/pages\/1462\/revisions"}],"predecessor-version":[{"id":1978,"href":"https:\/\/vetmedlabor.hu\/en\/wp-json\/wp\/v2\/pages\/1462\/revisions\/1978"}],"wp:attachment":[{"href":"https:\/\/vetmedlabor.hu\/en\/wp-json\/wp\/v2\/media?parent=1462"}],"curies":[{"name":"wp","href":"https:\/\/api.w.org\/{rel}","templated":true}]}}