{"id":1219,"date":"2023-08-03T15:46:27","date_gmt":"2023-08-03T15:46:27","guid":{"rendered":"https:\/\/vetmedlabor.hu\/?page_id=1219"},"modified":"2023-08-03T15:46:27","modified_gmt":"2023-08-03T15:46:27","slug":"laboratoriumrol","status":"publish","type":"page","link":"https:\/\/vetmedlabor.hu\/en\/laboratoriumrol\/","title":{"rendered":"Laborat\u00f3riumr\u00f3l"},"content":{"rendered":"<div class=\"gb-container gb-container-5ad9b59c\">\n<div class=\"gb-container gb-container-0e2afb28\">\n\n<figure class=\"wp-block-table\"><table><tbody><tr><td><strong>C\u00edm:<\/strong><\/td><td>1141 Budapest, Szugl\u00f3 utca 89.<\/td><\/tr><tr><td><strong>Postac\u00edm:<\/strong><\/td><td>1593 Budapest, Pf. 679.<\/td><\/tr><tr><td><strong>Telefon:<\/strong><\/td><td>(06-1) 422 09 44<\/td><\/tr><tr><td>&nbsp;<\/td><td>(06-1) 422 09 45<\/td><\/tr><tr><td><strong>E-mail c\u00edm:<\/strong><\/td><td>labor@vetmedlabor.hu<\/td><\/tr><tr><td><strong>Honlapok:<\/strong><\/td><td>www.vetmedlabor.hu<\/td><\/tr><tr><td>&nbsp;<\/td><td>www.vetmedlabor.eu<\/td><\/tr><tr><td>&nbsp;<\/td><td>www.vetmedlab.eu<\/td><\/tr><tr><td>&nbsp;<\/td><td>&nbsp;<\/td><\/tr><tr><td><strong>Nyitvatart\u00e1s:<\/strong><\/td><td>&nbsp;<\/td><\/tr><tr><td><strong>H\u00e9tk\u00f6znap:<\/strong><\/td><td>&nbsp; 9:00 \u2013 20:00<\/td><\/tr><tr><td><strong>Szombaton:<\/strong><\/td><td>10:00 \u2013 13:00<\/td><\/tr><\/tbody><\/table><\/figure>\n\n<\/div>\n\n<div class=\"gb-container gb-container-27e65561\">\n\n<h2 class=\"gb-headline gb-headline-847fd5a4 gb-headline-text\">Mintasz\u00e1ll\u00edt\u00e1s<\/h2>\n\n\n\n<p><strong>Postai \u00faton<\/strong><\/p>\n\n\n\n<ul>\n<li>A&nbsp;<strong>lev\u00e9l<\/strong>nek min\u0151s\u00fcl\u0151 k\u00fcldem\u00e9nyeket javasoljuk els\u0151bbs\u00e9givel, aj\u00e1nlottan feladni a postafi\u00f3k c\u00edm\u00fcnkre:&nbsp;<strong>1593 Budapest, Pf. 679.<\/strong><\/li>\n\n\n\n<li><strong>Csomag<\/strong>k\u00fcld\u00e9shez viszont a&nbsp;<strong>1141 Budapest, Szugl\u00f3 utca 89<\/strong>-es c\u00edm\u00fcnk haszn\u00e1lata aj\u00e1nlott, mert a nagyobb dobozokat a postafi\u00f3k nem k\u00e9pes befogadni.<\/li>\n<\/ul>\n\n\n\n<p><strong>Fut\u00e1rral<\/strong><\/p>\n\n\n\n<p>Megrendelhet\u0151: 06\/1-422-0944, 06\/1-422-0945-as telefonsz\u00e1mokon.<br>* a v\u00e1rosok list\u00e1j\u00e1r\u00f3l \u00e9rdekl\u0151dj\u00f6n telefonon<\/p>\n\n<\/div>\n<\/div>","protected":false},"excerpt":{"rendered":"<p>C\u00edm: 1141 Budapest, Szugl\u00f3 utca 89. Postac\u00edm: 1593 Budapest, Pf. 679. Telefon: (06-1) 422 09 44 &nbsp; (06-1) 422 09 45 E-mail c\u00edm: labor@vetmedlabor.hu Honlapok: &#8230; <a title=\"Laborat\u00f3riumr\u00f3l\" class=\"read-more\" href=\"https:\/\/vetmedlabor.hu\/en\/laboratoriumrol\/\" aria-label=\"More on Laborat\u00f3riumr\u00f3l\">Read more<\/a><\/p>","protected":false},"author":1,"featured_media":0,"parent":0,"menu_order":0,"comment_status":"closed","ping_status":"closed","template":"","meta":{"footnotes":""},"_links":{"self":[{"href":"https:\/\/vetmedlabor.hu\/en\/wp-json\/wp\/v2\/pages\/1219"}],"collection":[{"href":"https:\/\/vetmedlabor.hu\/en\/wp-json\/wp\/v2\/pages"}],"about":[{"href":"https:\/\/vetmedlabor.hu\/en\/wp-json\/wp\/v2\/types\/page"}],"author":[{"embeddable":true,"href":"https:\/\/vetmedlabor.hu\/en\/wp-json\/wp\/v2\/users\/1"}],"replies":[{"embeddable":true,"href":"https:\/\/vetmedlabor.hu\/en\/wp-json\/wp\/v2\/comments?post=1219"}],"version-history":[{"count":1,"href":"https:\/\/vetmedlabor.hu\/en\/wp-json\/wp\/v2\/pages\/1219\/revisions"}],"predecessor-version":[{"id":1220,"href":"https:\/\/vetmedlabor.hu\/en\/wp-json\/wp\/v2\/pages\/1219\/revisions\/1220"}],"wp:attachment":[{"href":"https:\/\/vetmedlabor.hu\/en\/wp-json\/wp\/v2\/media?parent=1219"}],"curies":[{"name":"wp","href":"https:\/\/api.w.org\/{rel}","templated":true}]}}